{"id":48,"date":"2025-07-15T13:11:29","date_gmt":"2025-07-15T13:11:29","guid":{"rendered":"https:\/\/nbclean.de\/cleano-testimonial\/"},"modified":"2025-10-29T21:15:17","modified_gmt":"2025-10-29T21:15:17","slug":"cleano-testimonial","status":"publish","type":"page","link":"https:\/\/nbclean.de\/?page_id=48","title":{"rendered":"nbclean"},"content":{"rendered":"\t\t<div data-elementor-type=\"wp-page\" data-elementor-id=\"48\" class=\"elementor elementor-48\">\n\t\t\t\t\t\t<section class=\"elementor-section elementor-top-section elementor-element elementor-element-85ca811 elementor-section-boxed elementor-section-height-default elementor-section-height-default\" data-id=\"85ca811\" data-element_type=\"section\" data-e-type=\"section\" data-settings=\"{&quot;background_background&quot;:&quot;classic&quot;}\">\n\t\t\t\t\t\t\t<div class=\"elementor-background-overlay\"><\/div>\n\t\t\t\t\t\t\t<div class=\"elementor-container elementor-column-gap-default\">\n\t\t\t\t\t<div class=\"elementor-column elementor-col-100 elementor-top-column elementor-element elementor-element-ce0b92d\" data-id=\"ce0b92d\" data-element_type=\"column\" data-e-type=\"column\">\n\t\t\t<div class=\"elementor-widget-wrap elementor-element-populated\">\n\t\t\t\t\t\t<section class=\"elementor-section elementor-inner-section elementor-element elementor-element-beb7f9e elementor-section-boxed elementor-section-height-default elementor-section-height-default\" data-id=\"beb7f9e\" data-element_type=\"section\" data-e-type=\"section\">\n\t\t\t\t\t\t<div class=\"elementor-container elementor-column-gap-default\">\n\t\t\t\t\t<div class=\"elementor-column elementor-col-100 elementor-inner-column elementor-element elementor-element-10b4dcc\" data-id=\"10b4dcc\" data-element_type=\"column\" data-e-type=\"column\">\n\t\t\t<div class=\"elementor-widget-wrap elementor-element-populated\">\n\t\t\t\t\t\t<div class=\"elementor-element elementor-element-a304621 elementor-widget-mobile__width-initial elementor-widget elementor-widget-heading\" data-id=\"a304621\" data-element_type=\"widget\" data-e-type=\"widget\" data-widget_type=\"heading.default\">\n\t\t\t\t\t<h2 class=\"elementor-heading-title elementor-size-default\">B\u00fcro - &amp; Unterhaltsreinigung<\/h2>\t\t\t\t<\/div>\n\t\t\t\t<div class=\"elementor-element elementor-element-8873fe7 elementor-widget elementor-widget-heading\" data-id=\"8873fe7\" data-element_type=\"widget\" data-e-type=\"widget\" data-widget_type=\"heading.default\">\n\t\t\t\t\t<h2 class=\"elementor-heading-title elementor-size-default\">Home\/Dienstleistungen<\/h2>\t\t\t\t<\/div>\n\t\t\t\t\t<\/div>\n\t\t<\/div>\n\t\t\t\t\t<\/div>\n\t\t<\/section>\n\t\t\t\t\t<\/div>\n\t\t<\/div>\n\t\t\t\t\t<\/div>\n\t\t<\/section>\n\t\t\t\t<section class=\"elementor-section elementor-top-section elementor-element elementor-element-57ed71ff elementor-section-boxed elementor-section-height-default elementor-section-height-default\" data-id=\"57ed71ff\" data-element_type=\"section\" data-e-type=\"section\">\n\t\t\t\t\t\t<div class=\"elementor-container elementor-column-gap-default\">\n\t\t\t\t\t<div class=\"elementor-column elementor-col-100 elementor-top-column elementor-element elementor-element-262715a3 p-0\" data-id=\"262715a3\" data-element_type=\"column\" data-e-type=\"column\">\n\t\t\t<div class=\"elementor-widget-wrap elementor-element-populated\">\n\t\t\t\t\t\t<section class=\"elementor-section elementor-inner-section elementor-element elementor-element-17697476 elementor-section-boxed elementor-section-height-default elementor-section-height-default elementor-invisible\" data-id=\"17697476\" data-element_type=\"section\" data-e-type=\"section\" data-settings=\"{&quot;animation&quot;:&quot;fadeInUp&quot;}\">\n\t\t\t\t\t\t<div class=\"elementor-container elementor-column-gap-default\">\n\t\t\t\t\t<div class=\"elementor-column elementor-col-33 elementor-inner-column elementor-element elementor-element-2ab451bd\" data-id=\"2ab451bd\" data-element_type=\"column\" data-e-type=\"column\">\n\t\t\t<div class=\"elementor-widget-wrap\">\n\t\t\t\t\t\t\t<\/div>\n\t\t<\/div>\n\t\t\t\t<div class=\"elementor-column elementor-col-33 elementor-inner-column elementor-element elementor-element-63524c50\" data-id=\"63524c50\" data-element_type=\"column\" data-e-type=\"column\">\n\t\t\t<div class=\"elementor-widget-wrap elementor-element-populated\">\n\t\t\t\t\t\t<div class=\"elementor-element elementor-element-5b099624 elementor-widget__width-initial elementor-widget elementor-widget-heading\" data-id=\"5b099624\" data-element_type=\"widget\" data-e-type=\"widget\" data-widget_type=\"heading.default\">\n\t\t\t\t\t<h2 class=\"elementor-heading-title elementor-size-default\">Regelm\u00e4\u00dfige Sauberkeit f\u00fcr nachhaltige Hygiene<\/h2>\t\t\t\t<\/div>\n\t\t\t\t<div class=\"elementor-element elementor-element-38f013ea elementor-widget elementor-widget-text-editor\" data-id=\"38f013ea\" data-element_type=\"widget\" data-e-type=\"widget\" data-widget_type=\"text-editor.default\">\n\t\t\t\t\t\t\t\t\t<p>Mit unserer Unterhaltsreinigung bleiben Ihre R\u00e4ume dauerhaft gepflegt \u2013 ob\u00a0 Wohnbereich oder Gemeinschaftsfl\u00e4che. Unser systematischer Reinigungsansatz garantiert, dass alle Bereiche regelm\u00e4\u00dfig gereinigt und gepflegt werden. So entstehen ein angenehmes Ambiente und hygienische Bedingungen, in denen sich Mitarbeitende, G\u00e4ste und Bewohner gleicherma\u00dfen wohlf\u00fchlen.<\/p>\t\t\t\t\t\t\t\t<\/div>\n\t\t\t\t\t<\/div>\n\t\t<\/div>\n\t\t\t\t<div class=\"elementor-column elementor-col-33 elementor-inner-column elementor-element elementor-element-2c29a3d0\" data-id=\"2c29a3d0\" data-element_type=\"column\" data-e-type=\"column\">\n\t\t\t<div class=\"elementor-widget-wrap\">\n\t\t\t\t\t\t\t<\/div>\n\t\t<\/div>\n\t\t\t\t\t<\/div>\n\t\t<\/section>\n\t\t\t\t<section class=\"elementor-section elementor-inner-section elementor-element elementor-element-5bbe9d82 elementor-section-boxed elementor-section-height-default elementor-section-height-default\" data-id=\"5bbe9d82\" data-element_type=\"section\" data-e-type=\"section\">\n\t\t\t\t\t\t<div class=\"elementor-container elementor-column-gap-default\">\n\t\t\t\t\t<div class=\"elementor-column elementor-col-33 elementor-inner-column elementor-element elementor-element-12cc2a9b\" data-id=\"12cc2a9b\" data-element_type=\"column\" data-e-type=\"column\">\n\t\t\t<div class=\"elementor-widget-wrap elementor-element-populated\">\n\t\t\t\t\t\t<div class=\"elementor-element elementor-element-7c602a9e eael-infobox-icon-bg-shape-none eael-infobox-icon-hover-bg-shape-none elementor-invisible elementor-widget elementor-widget-eael-info-box\" data-id=\"7c602a9e\" data-element_type=\"widget\" data-e-type=\"widget\" data-settings=\"{&quot;_animation&quot;:&quot;fadeInLeft&quot;}\" data-widget_type=\"eael-info-box.default\">\n\t\t\t\t\t        <div class=\"eael-infobox icon-on-left\">\n\t            <div class=\"infobox-icon\">\n\n            \n            \n                            <div class=\"infobox-icon-wrap\">\n                    <span class=\"infobox-icon-number\"><\/span>\n                <\/div>\n            \n        <\/div>\n            <div class=\"infobox-content\">\n                    <div class=\"infobox-title-section\">\n                <h2 class=\"title\">T\u00e4gliche oder regelm\u00e4\u00dfige Reinigung<\/h2>            <\/div>\n            <div><ul class=\"marker:text-textOff list-disc\"><li><p class=\"my-0\">Reinigung von B\u00f6den, Oberfl\u00e4chen, M\u00f6beln und Sanit\u00e4ranlagen nach festgelegten Intervallen.<\/p><\/li><\/ul><\/div>        <\/div>\n            <\/div>\n\n\t\t\t\t\t\t<\/div>\n\t\t\t\t<div class=\"elementor-element elementor-element-7c840051 elementor-widget__width-initial elementor-invisible elementor-widget elementor-widget-eael-info-box\" data-id=\"7c840051\" data-element_type=\"widget\" data-e-type=\"widget\" data-settings=\"{&quot;_animation&quot;:&quot;fadeInLeft&quot;}\" data-widget_type=\"eael-info-box.default\">\n\t\t\t\t\t        <div class=\"eael-infobox icon-on-left\">\n\t            <div class=\"infobox-content\">\n                    <div class=\"infobox-title-section\">\n                <h2 class=\"title\">Desinfektion<\/h2>            <\/div>\n            <div><ul class=\"marker:text-textOff list-disc\"><li><p class=\"my-0\">Gr\u00fcndliche S\u00e4uberung und Desinfektion von besonders beanspruchten Fl\u00e4chen wie T\u00fcrklinken, Lichtschaltern und Sanit\u00e4rbereichen.<\/p><\/li><\/ul><\/div>        <\/div>\n            <\/div>\n\n\t\t\t\t\t\t<\/div>\n\t\t\t\t<div class=\"elementor-element elementor-element-507aea6 elementor-widget elementor-widget-spacer\" data-id=\"507aea6\" data-element_type=\"widget\" data-e-type=\"widget\" data-widget_type=\"spacer.default\">\n\t\t\t\t\t\t\t<div class=\"elementor-spacer\">\n\t\t\t<div class=\"elementor-spacer-inner\"><\/div>\n\t\t<\/div>\n\t\t\t\t\t\t<\/div>\n\t\t\t\t<div class=\"elementor-element elementor-element-a303a6f elementor-widget elementor-widget-spacer\" data-id=\"a303a6f\" data-element_type=\"widget\" data-e-type=\"widget\" data-widget_type=\"spacer.default\">\n\t\t\t\t\t\t\t<div class=\"elementor-spacer\">\n\t\t\t<div class=\"elementor-spacer-inner\"><\/div>\n\t\t<\/div>\n\t\t\t\t\t\t<\/div>\n\t\t\t\t<div class=\"elementor-element elementor-element-2c0f0c5 eael-infobox-icon-bg-shape-none eael-infobox-icon-hover-bg-shape-none elementor-invisible elementor-widget elementor-widget-eael-info-box\" data-id=\"2c0f0c5\" data-element_type=\"widget\" data-e-type=\"widget\" data-settings=\"{&quot;_animation&quot;:&quot;fadeInRight&quot;}\" data-widget_type=\"eael-info-box.default\">\n\t\t\t\t\t        <div class=\"eael-infobox icon-on-left\">\n\t            <div class=\"infobox-icon\">\n\n            \n            \n                            <div class=\"infobox-icon-wrap\">\n                    <span class=\"infobox-icon-number\"><\/span>\n                <\/div>\n            \n        <\/div>\n            <div class=\"infobox-content\">\n                    <div class=\"infobox-title-section\">\n                <h2 class=\"title\">Pflege von Gemeinschaftsbereichen<\/h2>            <\/div>\n            <div><ul class=\"marker:text-textOff list-disc\"><li><p class=\"my-0\">Reinigung und Aufbereitung von Gemeinschaftsr\u00e4umen wie K\u00fcchen, Fluren oder Aufenthaltsr\u00e4umen, damit sich alle Nutzer wohlf\u00fchlen.<\/p><\/li><\/ul><p>\u00a0<\/p><\/div>        <\/div>\n            <\/div>\n\n\t\t\t\t\t\t<\/div>\n\t\t\t\t\t<\/div>\n\t\t<\/div>\n\t\t\t\t<div class=\"elementor-column elementor-col-33 elementor-inner-column elementor-element elementor-element-33b8f296\" data-id=\"33b8f296\" data-element_type=\"column\" data-e-type=\"column\">\n\t\t\t<div class=\"elementor-widget-wrap\">\n\t\t\t\t\t\t\t<\/div>\n\t\t<\/div>\n\t\t\t\t<div class=\"elementor-column elementor-col-33 elementor-inner-column elementor-element elementor-element-7b0ac2ba\" data-id=\"7b0ac2ba\" data-element_type=\"column\" data-e-type=\"column\">\n\t\t\t<div class=\"elementor-widget-wrap elementor-element-populated\">\n\t\t\t\t\t\t<div class=\"elementor-element elementor-element-7226069 elementor-invisible elementor-widget elementor-widget-eael-info-box\" data-id=\"7226069\" data-element_type=\"widget\" data-e-type=\"widget\" data-settings=\"{&quot;_animation&quot;:&quot;fadeInRight&quot;}\" data-widget_type=\"eael-info-box.default\">\n\t\t\t\t\t        <div class=\"eael-infobox icon-on-left\">\n\t            <div class=\"infobox-content\">\n                    <div class=\"infobox-title-section\">\n                <h2 class=\"title\">Nachf\u00fcllen von Verbrauchsmaterialien<\/h2>            <\/div>\n            <div><ul class=\"marker:text-textOff list-disc\"><li><p class=\"my-0\">Papierhandt\u00fccher, Seife und Hygieneprodukte werden stets aufgef\u00fcllt.<\/p><\/li><\/ul><\/div>        <\/div>\n            <\/div>\n\n\t\t\t\t\t\t<\/div>\n\t\t\t\t<div class=\"elementor-element elementor-element-38ed0c5e elementor-widget__width-initial elementor-invisible elementor-widget elementor-widget-eael-info-box\" data-id=\"38ed0c5e\" data-element_type=\"widget\" data-e-type=\"widget\" data-settings=\"{&quot;_animation&quot;:&quot;fadeInLeft&quot;}\" data-widget_type=\"eael-info-box.default\">\n\t\t\t\t\t        <div class=\"eael-infobox icon-on-left\">\n\t            <div class=\"infobox-content\">\n                    <div class=\"infobox-title-section\">\n                <h2 class=\"title\">M\u00fcllentsorgung<\/h2>            <\/div>\n            <div><ul class=\"marker:text-textOff list-disc\"><li><p class=\"my-0\">Leeren von Abfallbeh\u00e4ltern und umweltgerechte Entsorgung.<\/p><\/li><\/ul><\/div>        <\/div>\n            <\/div>\n\n\t\t\t\t\t\t<\/div>\n\t\t\t\t<div class=\"elementor-element elementor-element-712fa03e elementor-widget__width-initial elementor-widget-mobile__width-initial eael-infobox-icon-bg-shape-none eael-infobox-icon-hover-bg-shape-none elementor-invisible elementor-widget elementor-widget-eael-info-box\" data-id=\"712fa03e\" data-element_type=\"widget\" data-e-type=\"widget\" data-settings=\"{&quot;_animation&quot;:&quot;fadeInRight&quot;}\" data-widget_type=\"eael-info-box.default\">\n\t\t\t\t\t        <div class=\"eael-infobox icon-on-left\">\n\t            <div class=\"infobox-icon\">\n\n            \n            \n                            <div class=\"infobox-icon-wrap\">\n                    <span class=\"infobox-icon-number\"><\/span>\n                <\/div>\n            \n        <\/div>\n            <div class=\"infobox-content\">\n                    <div class=\"infobox-title-section\">\n                <h2 class=\"title\">Kontinuierliche Qualit\u00e4tskontrolle<\/h2>            <\/div>\n            <div><ul class=\"marker:text-textOff list-disc\"><li><p class=\"my-0\">Regelm\u00e4\u00dfige \u00dcberpr\u00fcfung der Reinigungsarbeiten durch Kontrollg\u00e4nge und Feedbacksysteme zur Sicherstellung h\u00f6chster Reinigungsstandards.<\/p><\/li><\/ul><p>\u00a0<\/p><\/div>        <\/div>\n            <\/div>\n\n\t\t\t\t\t\t<\/div>\n\t\t\t\t\t<\/div>\n\t\t<\/div>\n\t\t\t\t\t<\/div>\n\t\t<\/section>\n\t\t\t\t<div class=\"elementor-element elementor-element-75eb0de elementor-widget elementor-widget-spacer\" data-id=\"75eb0de\" data-element_type=\"widget\" data-e-type=\"widget\" data-widget_type=\"spacer.default\">\n\t\t\t\t\t\t\t<div class=\"elementor-spacer\">\n\t\t\t<div class=\"elementor-spacer-inner\"><\/div>\n\t\t<\/div>\n\t\t\t\t\t\t<\/div>\n\t\t\t\t\t<\/div>\n\t\t<\/div>\n\t\t\t\t\t<\/div>\n\t\t<\/section>\n\t\t\t\t<\/div>\n\t\t","protected":false},"excerpt":{"rendered":"<p>B\u00fcro &#8211; &amp; Unterhaltsreinigung Home\/Dienstleistungen Regelm\u00e4\u00dfige Sauberkeit f\u00fcr nachhaltige Hygiene Mit unserer Unterhaltsreinigung bleiben Ihre R\u00e4ume dauerhaft gepflegt \u2013 ob\u00a0 Wohnbereich oder Gemeinschaftsfl\u00e4che. Unser systematischer Reinigungsansatz garantiert, dass alle Bereiche regelm\u00e4\u00dfig gereinigt und gepflegt werden. So entstehen ein angenehmes Ambiente und hygienische Bedingungen, in denen sich Mitarbeitende, G\u00e4ste und Bewohner gleicherma\u00dfen wohlf\u00fchlen. T\u00e4gliche oder regelm\u00e4\u00dfige [&hellip;]<\/p>\n","protected":false},"author":1,"featured_media":0,"parent":0,"menu_order":0,"comment_status":"closed","ping_status":"closed","template":"elementor_header_footer","meta":{"_eb_attr":"","footnotes":""},"class_list":["post-48","page","type-page","status-publish","hentry"],"_links":{"self":[{"href":"https:\/\/nbclean.de\/index.php?rest_route=\/wp\/v2\/pages\/48","targetHints":{"allow":["GET"]}}],"collection":[{"href":"https:\/\/nbclean.de\/index.php?rest_route=\/wp\/v2\/pages"}],"about":[{"href":"https:\/\/nbclean.de\/index.php?rest_route=\/wp\/v2\/types\/page"}],"author":[{"embeddable":true,"href":"https:\/\/nbclean.de\/index.php?rest_route=\/wp\/v2\/users\/1"}],"replies":[{"embeddable":true,"href":"https:\/\/nbclean.de\/index.php?rest_route=%2Fwp%2Fv2%2Fcomments&post=48"}],"version-history":[{"count":35,"href":"https:\/\/nbclean.de\/index.php?rest_route=\/wp\/v2\/pages\/48\/revisions"}],"predecessor-version":[{"id":925,"href":"https:\/\/nbclean.de\/index.php?rest_route=\/wp\/v2\/pages\/48\/revisions\/925"}],"wp:attachment":[{"href":"https:\/\/nbclean.de\/index.php?rest_route=%2Fwp%2Fv2%2Fmedia&parent=48"}],"curies":[{"name":"wp","href":"https:\/\/api.w.org\/{rel}","templated":true}]}}